{"id":1739,"date":"2023-10-13T19:56:04","date_gmt":"2023-10-13T19:56:04","guid":{"rendered":"https:\/\/teinology.com\/?post_type=product&#038;p=1739"},"modified":"2025-02-18T17:01:08","modified_gmt":"2025-02-18T17:01:08","slug":"memoria-ram-ddr4-4gb","status":"publish","type":"product","link":"https:\/\/teinology.com\/index.php\/product\/memoria-ram-ddr4-4gb\/","title":{"rendered":"Memoria Ram DDR4 4GB"},"content":{"rendered":"","protected":false},"excerpt":{"rendered":"<div class=\"a-section a-spacing-small a-spacing-top-small\">\n<div class=\"a-row a-spacing-small po-brand\"><span class=\"a-size-base a-text-bold\">Marca:<\/span> <span class=\"a-size-base po-break-word\">Adata<\/span><\/div>\n<div class=\"a-row a-spacing-small po-computer_memory.size\"><span class=\"a-size-base a-text-bold\">Tama\u00f1o de la memoria de la computadora:<\/span> <span class=\"a-size-base po-break-word\">4 GB<\/span><\/div>\n<div class=\"a-row a-spacing-small po-ram_memory.technology\"><span class=\"a-size-base a-text-bold\">Tecnolog\u00eda de memoria RAM:<\/span> <span class=\"a-size-base po-break-word\">DDR4<\/span><\/div>\n<div class=\"a-row a-spacing-small po-memory_speed\"><span class=\"a-size-base a-text-bold\">Velocidad de memoria:<\/span> <span class=\"a-size-base po-break-word\">2400 MHz<\/span><\/div>\n<div class=\"a-row a-spacing-small po-compatible_devices\"><span class=\"a-size-base a-text-bold\">Dispositivos compatibles:<\/span> <span class=\"a-size-base po-break-word\">Computadora de Escritorio<\/span><\/div>\n<div>\n<ul>\n<li class=\"a-spacing-mini\"><span class=\"a-list-item\"> Caracter\u00edstica: DDR4 PC4-21300 <\/span><\/li>\n<li class=\"a-spacing-mini\"><span class=\"a-list-item\"> Especificaciones: DDR4 PC4-21300 CL=19 sin b\u00fafer NON-ECC DDR4-2666 1.2V <\/span><\/li>\n<\/ul>\n<\/div>\n<\/div>\n","protected":false},"featured_media":2974,"comment_status":"open","ping_status":"closed","template":"","meta":{"_uag_custom_page_level_css":"","site-sidebar-layout":"default","site-content-layout":"default","ast-site-content-layout":"","site-content-style":"default","site-sidebar-style":"default","ast-global-header-display":"","ast-banner-title-visibility":"","ast-main-header-display":"","ast-hfb-above-header-display":"","ast-hfb-below-header-display":"","ast-hfb-mobile-header-display":"","site-post-title":"","ast-breadcrumbs-content":"","ast-featured-img":"","footer-sml-layout":"","theme-transparent-header-meta":"default","adv-header-id-meta":"","stick-header-meta":"","header-above-stick-meta":"","header-main-stick-meta":"","header-below-stick-meta":"","astra-migrate-meta-layouts":"default","ast-page-background-enabled":"default","ast-page-background-meta":{"desktop":{"background-color":"var(--ast-global-color-4)","background-image":"","background-repeat":"repeat","background-position":"center center","background-size":"auto","background-attachment":"scroll","background-type":"","background-media":"","overlay-type":"","overlay-color":"","overlay-opacity":"","overlay-gradient":""},"tablet":{"background-color":"","background-image":"","background-repeat":"repeat","background-position":"center center","background-size":"auto","background-attachment":"scroll","background-type":"","background-media":"","overlay-type":"","overlay-color":"","overlay-opacity":"","overlay-gradient":""},"mobile":{"background-color":"","background-image":"","background-repeat":"repeat","background-position":"center center","background-size":"auto","background-attachment":"scroll","background-type":"","background-media":"","overlay-type":"","overlay-color":"","overlay-opacity":"","overlay-gradient":""}},"ast-content-background-meta":{"desktop":{"background-color":"var(--ast-global-color-5)","background-image":"","background-repeat":"repeat","background-position":"center center","background-size":"auto","background-attachment":"scroll","background-type":"","background-media":"","overlay-type":"","overlay-color":"","overlay-opacity":"","overlay-gradient":""},"tablet":{"background-color":"var(--ast-global-color-5)","background-image":"","background-repeat":"repeat","background-position":"center center","background-size":"auto","background-attachment":"scroll","background-type":"","background-media":"","overlay-type":"","overlay-color":"","overlay-opacity":"","overlay-gradient":""},"mobile":{"background-color":"var(--ast-global-color-5)","background-image":"","background-repeat":"repeat","background-position":"center center","background-size":"auto","background-attachment":"scroll","background-type":"","background-media":"","overlay-type":"","overlay-color":"","overlay-opacity":"","overlay-gradient":""}}},"product_cat":[39],"product_tag":[],"jetpack_sharing_enabled":true,"uagb_featured_image_src":{"full":["https:\/\/teinology.com\/wp-content\/uploads\/2023\/10\/01m-3-2.jpg",445,652,false],"thumbnail":["https:\/\/teinology.com\/wp-content\/uploads\/2023\/10\/01m-3-2-150x150.jpg",150,150,true],"medium":["https:\/\/teinology.com\/wp-content\/uploads\/2023\/10\/01m-3-2-205x300.jpg",205,300,true],"medium_large":["https:\/\/teinology.com\/wp-content\/uploads\/2023\/10\/01m-3-2.jpg",445,652,false],"large":["https:\/\/teinology.com\/wp-content\/uploads\/2023\/10\/01m-3-2.jpg",445,652,false],"1536x1536":["https:\/\/teinology.com\/wp-content\/uploads\/2023\/10\/01m-3-2.jpg",445,652,false],"2048x2048":["https:\/\/teinology.com\/wp-content\/uploads\/2023\/10\/01m-3-2.jpg",445,652,false],"mailpoet_newsletter_max":["https:\/\/teinology.com\/wp-content\/uploads\/2023\/10\/01m-3-2.jpg",445,652,false],"woocommerce_thumbnail":["https:\/\/teinology.com\/wp-content\/uploads\/2023\/10\/01m-3-2-200x200.jpg",200,200,true],"woocommerce_single":["https:\/\/teinology.com\/wp-content\/uploads\/2023\/10\/01m-3-2.jpg",445,652,false],"woocommerce_gallery_thumbnail":["https:\/\/teinology.com\/wp-content\/uploads\/2023\/10\/01m-3-2-100x100.jpg",100,100,true],"dgwt-wcas-product-suggestion":["https:\/\/teinology.com\/wp-content\/uploads\/2023\/10\/01m-3-2-64x94.jpg",64,94,true]},"uagb_author_info":{"display_name":"henry.rodriguezruiz","author_link":"https:\/\/teinology.com\/index.php\/author\/"},"uagb_comment_info":0,"uagb_excerpt":"Marca: Adata Tama\u00f1o de la memoria de la computadora: 4 GB Tecnolog\u00eda de memoria RAM: DDR4 Velocidad de memoria: 2400 MHz Dispositivos compatibles: Computadora de Escritorio Caracter\u00edstica: DDR4 PC4-21300 Especificaciones: DDR4 PC4-21300 CL=19 sin b\u00fafer NON-ECC DDR4-2666 1.2V","_links":{"self":[{"href":"https:\/\/teinology.com\/index.php\/wp-json\/wp\/v2\/product\/1739"}],"collection":[{"href":"https:\/\/teinology.com\/index.php\/wp-json\/wp\/v2\/product"}],"about":[{"href":"https:\/\/teinology.com\/index.php\/wp-json\/wp\/v2\/types\/product"}],"replies":[{"embeddable":true,"href":"https:\/\/teinology.com\/index.php\/wp-json\/wp\/v2\/comments?post=1739"}],"version-history":[{"count":3,"href":"https:\/\/teinology.com\/index.php\/wp-json\/wp\/v2\/product\/1739\/revisions"}],"predecessor-version":[{"id":1743,"href":"https:\/\/teinology.com\/index.php\/wp-json\/wp\/v2\/product\/1739\/revisions\/1743"}],"wp:featuredmedia":[{"embeddable":true,"href":"https:\/\/teinology.com\/index.php\/wp-json\/wp\/v2\/media\/2974"}],"wp:attachment":[{"href":"https:\/\/teinology.com\/index.php\/wp-json\/wp\/v2\/media?parent=1739"}],"wp:term":[{"taxonomy":"product_cat","embeddable":true,"href":"https:\/\/teinology.com\/index.php\/wp-json\/wp\/v2\/product_cat?post=1739"},{"taxonomy":"product_tag","embeddable":true,"href":"https:\/\/teinology.com\/index.php\/wp-json\/wp\/v2\/product_tag?post=1739"}],"curies":[{"name":"wp","href":"https:\/\/api.w.org\/{rel}","templated":true}]}}