{"id":1496,"date":"2023-08-08T19:22:59","date_gmt":"2023-08-08T19:22:59","guid":{"rendered":"https:\/\/teinology.com\/?post_type=product&#038;p=1496"},"modified":"2025-02-18T16:59:03","modified_gmt":"2025-02-18T16:59:03","slug":"seagate-barracuda-st1000dm010-3-5-1000-gb-7200-rpm","status":"publish","type":"product","link":"https:\/\/teinology.com\/index.php\/product\/seagate-barracuda-st1000dm010-3-5-1000-gb-7200-rpm\/","title":{"rendered":"Disco Duro Interno Seagate Barracuda 2TB"},"content":{"rendered":"\t\t<div data-elementor-type=\"product-post\" data-elementor-id=\"1496\" class=\"elementor elementor-1496\" data-elementor-post-type=\"product\">\n\t\t\t\t\t\t<section class=\"elementor-section elementor-top-section elementor-element elementor-element-39cd13e1 elementor-section-boxed elementor-section-height-default elementor-section-height-default\" data-id=\"39cd13e1\" data-element_type=\"section\">\n\t\t\t\t\t\t<div class=\"elementor-container elementor-column-gap-default\">\n\t\t\t\t\t<div class=\"elementor-column elementor-col-100 elementor-top-column elementor-element elementor-element-364a3be8\" data-id=\"364a3be8\" data-element_type=\"column\">\n\t\t\t<div class=\"elementor-widget-wrap elementor-element-populated\">\n\t\t\t\t\t\t\t<\/div>\n\t\t<\/div>\n\t\t\t\t\t<\/div>\n\t\t<\/section>\n\t\t\t\t<\/div>\n\t\t","protected":false},"excerpt":{"rendered":"<p><span class=\"o_field_text o_field_widget\" title=\"\" data-original-title=\"\" aria-describedby=\"tooltip889899\">Marca: Seagate <\/span><\/p>\n<p><span class=\"o_field_text o_field_widget\" title=\"\" data-original-title=\"\" aria-describedby=\"tooltip889899\">Capacidad de almacenamiento digital: 2 TB <\/span><\/p>\n<p><span class=\"o_field_text o_field_widget\" title=\"\" data-original-title=\"\" aria-describedby=\"tooltip889899\">Interfaz de disco duro: Serial ATA <\/span><\/p>\n<p><span class=\"o_field_text o_field_widget\" title=\"\" data-original-title=\"\" aria-describedby=\"tooltip889899\">Tecnolog\u00eda de conectividad: SATA <\/span><\/p>\n<p><span class=\"o_field_text o_field_widget\" title=\"\" data-original-title=\"\" aria-describedby=\"tooltip889899\">Factor de forma de disco duro: 3.5 Pulgadas <\/span><\/p>\n<p><span class=\"o_field_text o_field_widget\" title=\"\" data-original-title=\"\" aria-describedby=\"tooltip889899\">Descripci\u00f3n del disco duro: Disco duro mec\u00e1nico <\/span><\/p>\n<p><span class=\"o_field_text o_field_widget\" title=\"\" data-original-title=\"\" aria-describedby=\"tooltip889899\">Tipo de instalaci\u00f3n: Interno<\/span><\/p>\n<p><span class=\"o_field_text o_field_widget\" title=\"\" data-original-title=\"\" aria-describedby=\"tooltip889899\">Tama\u00f1o del disco duro: 2 TB <\/span><\/p>\n<p><span class=\"o_field_text o_field_widget\" title=\"\" data-original-title=\"\" aria-describedby=\"tooltip889899\">Disco duro velocidad de rotaci\u00f3n: 7200 RPM<\/span><\/p>\n","protected":false},"featured_media":3923,"comment_status":"open","ping_status":"closed","template":"","meta":{"_uag_custom_page_level_css":"","site-sidebar-layout":"default","site-content-layout":"default","ast-site-content-layout":"","site-content-style":"default","site-sidebar-style":"default","ast-global-header-display":"","ast-banner-title-visibility":"","ast-main-header-display":"","ast-hfb-above-header-display":"","ast-hfb-below-header-display":"","ast-hfb-mobile-header-display":"","site-post-title":"","ast-breadcrumbs-content":"","ast-featured-img":"","footer-sml-layout":"","theme-transparent-header-meta":"default","adv-header-id-meta":"","stick-header-meta":"","header-above-stick-meta":"","header-main-stick-meta":"","header-below-stick-meta":"","astra-migrate-meta-layouts":"default","ast-page-background-enabled":"default","ast-page-background-meta":{"desktop":{"background-color":"var(--ast-global-color-4)","background-image":"","background-repeat":"repeat","background-position":"center center","background-size":"auto","background-attachment":"scroll","background-type":"","background-media":"","overlay-type":"","overlay-color":"","overlay-opacity":"","overlay-gradient":""},"tablet":{"background-color":"","background-image":"","background-repeat":"repeat","background-position":"center center","background-size":"auto","background-attachment":"scroll","background-type":"","background-media":"","overlay-type":"","overlay-color":"","overlay-opacity":"","overlay-gradient":""},"mobile":{"background-color":"","background-image":"","background-repeat":"repeat","background-position":"center center","background-size":"auto","background-attachment":"scroll","background-type":"","background-media":"","overlay-type":"","overlay-color":"","overlay-opacity":"","overlay-gradient":""}},"ast-content-background-meta":{"desktop":{"background-color":"var(--ast-global-color-5)","background-image":"","background-repeat":"repeat","background-position":"center center","background-size":"auto","background-attachment":"scroll","background-type":"","background-media":"","overlay-type":"","overlay-color":"","overlay-opacity":"","overlay-gradient":""},"tablet":{"background-color":"var(--ast-global-color-5)","background-image":"","background-repeat":"repeat","background-position":"center center","background-size":"auto","background-attachment":"scroll","background-type":"","background-media":"","overlay-type":"","overlay-color":"","overlay-opacity":"","overlay-gradient":""},"mobile":{"background-color":"var(--ast-global-color-5)","background-image":"","background-repeat":"repeat","background-position":"center center","background-size":"auto","background-attachment":"scroll","background-type":"","background-media":"","overlay-type":"","overlay-color":"","overlay-opacity":"","overlay-gradient":""}}},"product_cat":[25,30],"product_tag":[45,44,26],"jetpack_sharing_enabled":true,"uagb_featured_image_src":{"full":["https:\/\/teinology.com\/wp-content\/uploads\/2024\/08\/img_6212.jpeg",467,657,false],"thumbnail":["https:\/\/teinology.com\/wp-content\/uploads\/2024\/08\/img_6212-150x150.jpeg",150,150,true],"medium":["https:\/\/teinology.com\/wp-content\/uploads\/2024\/08\/img_6212-213x300.jpeg",213,300,true],"medium_large":["https:\/\/teinology.com\/wp-content\/uploads\/2024\/08\/img_6212.jpeg",467,657,false],"large":["https:\/\/teinology.com\/wp-content\/uploads\/2024\/08\/img_6212.jpeg",467,657,false],"1536x1536":["https:\/\/teinology.com\/wp-content\/uploads\/2024\/08\/img_6212.jpeg",467,657,false],"2048x2048":["https:\/\/teinology.com\/wp-content\/uploads\/2024\/08\/img_6212.jpeg",467,657,false],"mailpoet_newsletter_max":["https:\/\/teinology.com\/wp-content\/uploads\/2024\/08\/img_6212.jpeg",467,657,false],"woocommerce_thumbnail":["https:\/\/teinology.com\/wp-content\/uploads\/2024\/08\/img_6212-200x200.jpeg",200,200,true],"woocommerce_single":["https:\/\/teinology.com\/wp-content\/uploads\/2024\/08\/img_6212.jpeg",467,657,false],"woocommerce_gallery_thumbnail":["https:\/\/teinology.com\/wp-content\/uploads\/2024\/08\/img_6212-100x100.jpeg",100,100,true],"dgwt-wcas-product-suggestion":["https:\/\/teinology.com\/wp-content\/uploads\/2024\/08\/img_6212-64x90.jpeg",64,90,true]},"uagb_author_info":{"display_name":"henry.rodriguezruiz","author_link":"https:\/\/teinology.com\/index.php\/author\/"},"uagb_comment_info":0,"uagb_excerpt":"Marca: Seagate Capacidad de almacenamiento digital: 2 TB Interfaz de disco duro: Serial ATA Tecnolog\u00eda de conectividad: SATA Factor de forma de disco duro: 3.5 Pulgadas Descripci\u00f3n del disco duro: Disco duro mec\u00e1nico Tipo de instalaci\u00f3n: Interno Tama\u00f1o del disco duro: 2 TB Disco duro velocidad de rotaci\u00f3n: 7200 RPM","_links":{"self":[{"href":"https:\/\/teinology.com\/index.php\/wp-json\/wp\/v2\/product\/1496"}],"collection":[{"href":"https:\/\/teinology.com\/index.php\/wp-json\/wp\/v2\/product"}],"about":[{"href":"https:\/\/teinology.com\/index.php\/wp-json\/wp\/v2\/types\/product"}],"replies":[{"embeddable":true,"href":"https:\/\/teinology.com\/index.php\/wp-json\/wp\/v2\/comments?post=1496"}],"version-history":[{"count":12,"href":"https:\/\/teinology.com\/index.php\/wp-json\/wp\/v2\/product\/1496\/revisions"}],"predecessor-version":[{"id":1819,"href":"https:\/\/teinology.com\/index.php\/wp-json\/wp\/v2\/product\/1496\/revisions\/1819"}],"wp:featuredmedia":[{"embeddable":true,"href":"https:\/\/teinology.com\/index.php\/wp-json\/wp\/v2\/media\/3923"}],"wp:attachment":[{"href":"https:\/\/teinology.com\/index.php\/wp-json\/wp\/v2\/media?parent=1496"}],"wp:term":[{"taxonomy":"product_cat","embeddable":true,"href":"https:\/\/teinology.com\/index.php\/wp-json\/wp\/v2\/product_cat?post=1496"},{"taxonomy":"product_tag","embeddable":true,"href":"https:\/\/teinology.com\/index.php\/wp-json\/wp\/v2\/product_tag?post=1496"}],"curies":[{"name":"wp","href":"https:\/\/api.w.org\/{rel}","templated":true}]}}